{"id":665,"date":"2024-01-10T23:07:42","date_gmt":"2024-01-10T23:07:42","guid":{"rendered":"https:\/\/engiobra.com\/produtos\/?page_id=665"},"modified":"2024-01-10T23:07:42","modified_gmt":"2024-01-10T23:07:42","slug":"materiais-construcao","status":"publish","type":"page","link":"https:\/\/engiobra.com\/produtos\/materiais-construcao\/","title":{"rendered":"Materiais de Constru\u00e7\u00e3o"},"content":{"rendered":"<div class=\"gb-container gb-container-256c4ecf\"><div class=\"gb-inside-container\">\n<style id=\"sp_pcp_dynamic_style1833\">#pcp_wrapper-1833:not(.sps-glossary-layout) .sp-pcp-row,#pcp_wrapper-1833 .sps-glossary-items-group .sps-glossary-items-content {margin-right: -10px;margin-left: -10px;}#pcp_wrapper-1833 .sp-pcp-row [class*='sp-pcp-col-']{padding-right: 10px;padding-left: 10px; padding-bottom:20px;}.pcp-wrapper-1833 .sp-pcp-title a {color: #333333;display: inherit;} .pcp-wrapper-1833 .sp-pcp-title a:hover {color: #1e73be;}#pcp_wrapper-1833 .sp-pcp-post {padding: 15px 20px 15px 20px;}#pcp_wrapper-1833.sp-slider_layout .sp-pcp-post .sp-pcp-post-details {top: 15px; right:20px; bottom:15px; left:20px;}#pcp_wrapper-1833 .sp-pcp-post {border: 3px solid #e2e2e2; border-radius: 5px }#pcp_wrapper-1833 .sp-pcp-post{background-color: #ffffff;}#pcp_wrapper-1833 .pcp-post-thumb-wrapper{border: 0px solid #dddddd;border-radius:0px;}.pcp-wrapper-1833 .sp-pcp-post-meta li,.pcp-wrapper-1833 .sp-pcp-post-meta ul,.pcp-wrapper-1833 .sp-pcp-post-meta li a{color: #888888;}.pcp-wrapper-1833 .sp-pcp-post-meta li a:hover{color: #1e73be;}#pcp_wrapper-1833 .pcp-readmore-link{ background: transparent; color: #111; border: 1px solid #888; border-radius: 0px; } #pcp_wrapper-1833 .pcp-readmore-link:hover { background-color: #1e73be; color: #fff; border-color: #1e73be; }@media (min-width: 1200px) {.sp-pcp-row .sp-pcp-col-xl-1 {flex: 0 0 100%;}.sp-pcp-row .sp-pcp-col-xl-2 {flex: 1 1 calc( 50% - 20px);}.sp-pcp-row .sp-pcp-col-xl-3 {flex: 1 1 calc( 33.333% - 20px);}.sp-pcp-row .sp-pcp-col-xl-4 {flex: 1 1 calc( 25% - 20px);}.sp-pcp-row .sp-pcp-col-xl-5 { flex: 1 1 calc( 20% - 20px);}.sp-pcp-row .sp-pcp-col-xl-6 {flex: 1 1 calc( 16.66666666666667% - 20px);}.sp-pcp-row .sp-pcp-col-xl-7 {flex: 1 1 calc( 14.28571428% - 20px);}.sp-pcp-row .sp-pcp-col-xl-8 {flex: 1 1 calc( 12.5% - 20px);}}@media (max-width: 1200px) {.sp-pcp-row .sp-pcp-col-lg-1 {flex: 0 0 100%;}.sp-pcp-row .sp-pcp-col-lg-2 {flex: 1 1 calc( 50% - 20px);}.sp-pcp-row .sp-pcp-col-lg-3 {flex: 1 1 calc( 33.333% - 20px);}.sp-pcp-row .sp-pcp-col-lg-4 {flex: 1 1 calc( 25% - 20px);}.sp-pcp-row .sp-pcp-col-lg-5 { flex: 1 1 calc( 20% - 20px);}.sp-pcp-row .sp-pcp-col-lg-6 {flex: 1 1 calc( 16.66666666666667% - 20px);}.sp-pcp-row .sp-pcp-col-lg-7 {flex: 1 1 calc( 14.28571428% - 20px);}.sp-pcp-row .sp-pcp-col-lg-8 {flex: 1 1 calc( 12.5% - 20px);}}@media (max-width: 992px) {.sp-pcp-row .sp-pcp-col-md-1 {flex: 0 0 100%;}.sp-pcp-row .sp-pcp-col-md-2 {flex: 1 1 calc( 50% - 20px);}.sp-pcp-row .sp-pcp-col-md-2-5 {flex: 0 0 75%;}.sp-pcp-row .sp-pcp-col-md-3 {flex: 1 1 calc( 33.333% - 20px);}.sp-pcp-row .sp-pcp-col-md-4 {flex: 1 1 calc( 25% - 20px);}.sp-pcp-row .sp-pcp-col-md-5 { flex: 1 1 calc( 20% - 20px);}.sp-pcp-row .sp-pcp-col-md-6 {flex: 1 1 calc( 16.66666666666667% - 20px);}.sp-pcp-row .sp-pcp-col-md-7 {flex: 1 1 calc( 14.28571428% - 20px);}.sp-pcp-row .sp-pcp-col-md-8 {flex: 1 1 calc( 12.5% - 20px);}}@media (max-width: 768px) {.sp-pcp-row .sp-pcp-col-sm-1 {flex: 0 0 100%;}.sp-pcp-row .sp-pcp-col-sm-2 {flex: 1 1 calc( 50% - 20px);}.sp-pcp-row .sp-pcp-col-sm-2-5 {flex: 0 0 75%;}.sp-pcp-row .sp-pcp-col-sm-3 {flex: 1 1 calc( 33.333% - 20px);}.sp-pcp-row .sp-pcp-col-sm-4 {flex: 1 1 calc( 25% - 20px);}.sp-pcp-row .sp-pcp-col-sm-5 { flex: 1 1 calc( 20% - 20px);}.sp-pcp-row .sp-pcp-col-sm-6 {flex: 1 1 calc( 16.66666666666667% - 20px);}.sp-pcp-row .sp-pcp-col-sm-7 {flex: 1 1 calc( 14.28571428% - 20px);}.sp-pcp-row .sp-pcp-col-sm-8 {flex: 1 1 calc( 12.5% - 20px);}}@media (max-width: 420px) {.sp-pcp-row .sp-pcp-col-xs-1 {flex: 0 0 100%;}.sp-pcp-row .sp-pcp-col-xs-2 {flex: 1 1 calc( 50% - 20px);}.sp-pcp-row .sp-pcp-col-xs-3 {flex: 1 1 calc( 33.333% - 20px);}.sp-pcp-row .sp-pcp-col-xs-4 {flex: 1 1 calc( 25% - 20px);}.sp-pcp-row .sp-pcp-col-xs-5 { flex: 1 1 calc( 20% - 20px);}.sp-pcp-row .sp-pcp-col-xs-6 {flex: 1 1 calc( 16.66666666666667% - 20px);}.sp-pcp-row .sp-pcp-col-xs-7 {flex: 1 1 calc( 14.28571428% - 20px);}.sp-pcp-row .sp-pcp-col-xs-8 {flex: 1 1 calc( 12.5% - 20px);}}<\/style>\n<div id=\"pcp_wrapper-1833\" class=\"sp-pcp-section sp-pcp-container pcp-wrapper-1833\">\n\t<div class=\"sp-pcp-row\">\n\t\t\t\t<div class=\" sp-pcp-col-xs-1 sp-pcp-col-sm-1 sp-pcp-col-md-2 sp-pcp-col-lg-4 sp-pcp-col-xl-4\">\n\t\t\t<div class=\"sp-pcp-post default pcp-item-1900\" data-id=\"1900\">\n\t\t\t\t\t\t\t\t<div class=\"pcp-post-thumb-wrapper\">\n\t\t\t\t\t<div class=\"sp-pcp-post-thumb-area\">\n\t\t\t\t\t\t\t\t\t\t\t\t<a class=\"sp-pcp-thumb\" href=\"https:\/\/engiobra.com\/produtos\/materiais-construcao\/placas-de-gesso-cartonado\/massas-juntas\/\" target=\"_self\" >\n\t\t\t\t\t\t\t\t\t\t\t\t\t<img loading=\"lazy\" decoding=\"async\" src=\"https:\/\/media.cdn.leroymerlin.pt\/assets\/photo\/references\/18769000-18769999\/18769716\/0100\/18769716-0100-pastadejuntas-axtongessocartonado25kg.jpg\" width=\"300\" height=\"300\" alt=\"\">\n\t\t\t\t\t\t<\/a>\n\t\t\t\t\t<\/div>\n\t\t\t\t<\/div>\n\t\t\t\t\t\t\t\t<div class=\"sp-pcp-post-details\">\n\t\t\t\t\t<div class=\"sp-pcp-post-details-content\">\n\t\t\t\t\t\t\t\t<h3 class=\"sp-pcp-title\">\n\t\t\t\t\t\t\t\t\t<a href=\"https:\/\/engiobra.com\/produtos\/materiais-construcao\/placas-de-gesso-cartonado\/massas-juntas\/\"  target=\"_self\">Melhores Massas Juntas Pladur<\/a>\t\t\t\t\t\t\t<\/h3>\n\t\t\t\t\t\t<div class=\"sp-pcp-post-content\">\n\t\t\t\t\t<div class=\"sp-pcp-readmore\">\n\t\t\t\t\t\t\t<a class=\"pcp-readmore-link\" target=\"_self\" href=\"https:\/\/engiobra.com\/produtos\/materiais-construcao\/placas-de-gesso-cartonado\/massas-juntas\/\" >\n\t\t\t\t\t\tVer produtos <\/a>\n\t\t<\/div>\n\t\t\t\t\t<\/div>\n\t\t\t\t\t\t\t\t<\/div>\n\t\t\t\t<\/div>\n\t\t\t<\/div>\n\t\t<\/div>\n\t\t\t\t<div class=\" sp-pcp-col-xs-1 sp-pcp-col-sm-1 sp-pcp-col-md-2 sp-pcp-col-lg-4 sp-pcp-col-xl-4\">\n\t\t\t<div class=\"sp-pcp-post default pcp-item-1814\" data-id=\"1814\">\n\t\t\t\t\t\t\t\t<div class=\"pcp-post-thumb-wrapper\">\n\t\t\t\t\t<div class=\"sp-pcp-post-thumb-area\">\n\t\t\t\t\t\t\t\t\t\t\t\t<a class=\"sp-pcp-thumb\" href=\"https:\/\/engiobra.com\/produtos\/materiais-construcao\/placas-de-gesso-cartonado\/\" target=\"_self\" >\n\t\t\t\t\t\t\t\t\t\t\t\t\t<img loading=\"lazy\" decoding=\"async\" src=\"https:\/\/engiobra.com\/produtos\/wp-content\/uploads\/2022\/02\/placa-de-gesso-hidrofugada-fibro-300x300.jpg\" width=\"300\" height=\"300\" alt=\"\u2713 Melhor escolha Placa de gesso hidrofugada FIBROPLAC HIDRO BA13 3000X1200X13MM\">\n\t\t\t\t\t\t<\/a>\n\t\t\t\t\t<\/div>\n\t\t\t\t<\/div>\n\t\t\t\t\t\t\t\t<div class=\"sp-pcp-post-details\">\n\t\t\t\t\t<div class=\"sp-pcp-post-details-content\">\n\t\t\t\t\t\t\t\t<h3 class=\"sp-pcp-title\">\n\t\t\t\t\t\t\t\t\t<a href=\"https:\/\/engiobra.com\/produtos\/materiais-construcao\/placas-de-gesso-cartonado\/\"  target=\"_self\">Melhores Placas de Gesso Cartonado (Pladur)<\/a>\t\t\t\t\t\t\t<\/h3>\n\t\t\t\t\t\t<div class=\"sp-pcp-post-content\">\n\t\t\t\t\t<div class=\"sp-pcp-readmore\">\n\t\t\t\t\t\t\t<a class=\"pcp-readmore-link\" target=\"_self\" href=\"https:\/\/engiobra.com\/produtos\/materiais-construcao\/placas-de-gesso-cartonado\/\" >\n\t\t\t\t\t\tVer produtos <\/a>\n\t\t<\/div>\n\t\t\t\t\t<\/div>\n\t\t\t\t\t\t\t\t<\/div>\n\t\t\t\t<\/div>\n\t\t\t<\/div>\n\t\t<\/div>\n\t\t\t\t<div class=\" sp-pcp-col-xs-1 sp-pcp-col-sm-1 sp-pcp-col-md-2 sp-pcp-col-lg-4 sp-pcp-col-xl-4\">\n\t\t\t<div class=\"sp-pcp-post default pcp-item-1897\" data-id=\"1897\">\n\t\t\t\t\t\t\t\t<div class=\"pcp-post-thumb-wrapper\">\n\t\t\t\t\t<div class=\"sp-pcp-post-thumb-area\">\n\t\t\t\t\t\t\t\t\t\t\t\t<a class=\"sp-pcp-thumb\" href=\"https:\/\/engiobra.com\/produtos\/materiais-construcao\/placas-de-gesso-cartonado\/alcapoes\/\" target=\"_self\" >\n\t\t\t\t\t\t\t\t\t\t\t\t\t<img loading=\"lazy\" decoding=\"async\" src=\"https:\/\/engiobra.com\/produtos\/wp-content\/uploads\/2022\/02\/alcapao-alumnio-hidrofugo-placas-gesso-pladur-300x300.jpg\" width=\"300\" height=\"300\" alt=\"Al\u00e7ap\u00e3o alum\u00ednio hidr\u00f3fugo para placas de gesso pladur\">\n\t\t\t\t\t\t<\/a>\n\t\t\t\t\t<\/div>\n\t\t\t\t<\/div>\n\t\t\t\t\t\t\t\t<div class=\"sp-pcp-post-details\">\n\t\t\t\t\t<div class=\"sp-pcp-post-details-content\">\n\t\t\t\t\t\t\t\t<h3 class=\"sp-pcp-title\">\n\t\t\t\t\t\t\t\t\t<a href=\"https:\/\/engiobra.com\/produtos\/materiais-construcao\/placas-de-gesso-cartonado\/alcapoes\/\"  target=\"_self\">Melhores Al\u00e7ap\u00f5es para Pladur<\/a>\t\t\t\t\t\t\t<\/h3>\n\t\t\t\t\t\t<div class=\"sp-pcp-post-content\">\n\t\t\t\t\t<div class=\"sp-pcp-readmore\">\n\t\t\t\t\t\t\t<a class=\"pcp-readmore-link\" target=\"_self\" href=\"https:\/\/engiobra.com\/produtos\/materiais-construcao\/placas-de-gesso-cartonado\/alcapoes\/\" >\n\t\t\t\t\t\tVer produtos <\/a>\n\t\t<\/div>\n\t\t\t\t\t<\/div>\n\t\t\t\t\t\t\t\t<\/div>\n\t\t\t\t<\/div>\n\t\t\t<\/div>\n\t\t<\/div>\n\t\t\t\t<div class=\" sp-pcp-col-xs-1 sp-pcp-col-sm-1 sp-pcp-col-md-2 sp-pcp-col-lg-4 sp-pcp-col-xl-4\">\n\t\t\t<div class=\"sp-pcp-post default pcp-item-1875\" data-id=\"1875\">\n\t\t\t\t\t\t\t\t<div class=\"pcp-post-thumb-wrapper\">\n\t\t\t\t\t<div class=\"sp-pcp-post-thumb-area\">\n\t\t\t\t\t\t\t\t\t\t\t\t<a class=\"sp-pcp-thumb\" href=\"https:\/\/engiobra.com\/produtos\/materiais-construcao\/placas-de-gesso-cartonado\/perfis\/\" target=\"_self\" >\n\t\t\t\t\t\t\t\t\t\t\t\t\t<img loading=\"lazy\" decoding=\"async\" src=\"https:\/\/engiobra.com\/produtos\/wp-content\/uploads\/2022\/02\/perfil-raia-placas-gesso-pladur-300x300.jpg\" width=\"300\" height=\"300\" alt=\"melhor perfil para placas de gesso (Pladur)\">\n\t\t\t\t\t\t<\/a>\n\t\t\t\t\t<\/div>\n\t\t\t\t<\/div>\n\t\t\t\t\t\t\t\t<div class=\"sp-pcp-post-details\">\n\t\t\t\t\t<div class=\"sp-pcp-post-details-content\">\n\t\t\t\t\t\t\t\t<h3 class=\"sp-pcp-title\">\n\t\t\t\t\t\t\t\t\t<a href=\"https:\/\/engiobra.com\/produtos\/materiais-construcao\/placas-de-gesso-cartonado\/perfis\/\"  target=\"_self\">Top 10 melhores perfis para Pladur<\/a>\t\t\t\t\t\t\t<\/h3>\n\t\t\t\t\t\t<div class=\"sp-pcp-post-content\">\n\t\t\t\t\t<div class=\"sp-pcp-readmore\">\n\t\t\t\t\t\t\t<a class=\"pcp-readmore-link\" target=\"_self\" href=\"https:\/\/engiobra.com\/produtos\/materiais-construcao\/placas-de-gesso-cartonado\/perfis\/\" >\n\t\t\t\t\t\tVer produtos <\/a>\n\t\t<\/div>\n\t\t\t\t\t<\/div>\n\t\t\t\t\t\t\t\t<\/div>\n\t\t\t\t<\/div>\n\t\t\t<\/div>\n\t\t<\/div>\n\t\t\t\t<div class=\" sp-pcp-col-xs-1 sp-pcp-col-sm-1 sp-pcp-col-md-2 sp-pcp-col-lg-4 sp-pcp-col-xl-4\">\n\t\t\t<div class=\"sp-pcp-post default pcp-item-1980\" data-id=\"1980\">\n\t\t\t\t\t\t\t\t<div class=\"pcp-post-thumb-wrapper\">\n\t\t\t\t\t<div class=\"sp-pcp-post-thumb-area\">\n\t\t\t\t\t\t\t\t\t\t\t\t<a class=\"sp-pcp-thumb\" href=\"https:\/\/engiobra.com\/produtos\/materiais-construcao\/isolamento\/termico\/\" target=\"_self\" >\n\t\t\t\t\t\t\t\t\t\t\t\t\t<img loading=\"lazy\" decoding=\"async\" src=\"https:\/\/engiobra.com\/produtos\/wp-content\/uploads\/2022\/02\/isolamento-termico.jpg\" width=\"200\" height=\"200\" alt=\"isolamento t\u00e9rmico\">\n\t\t\t\t\t\t<\/a>\n\t\t\t\t\t<\/div>\n\t\t\t\t<\/div>\n\t\t\t\t\t\t\t\t<div class=\"sp-pcp-post-details\">\n\t\t\t\t\t<div class=\"sp-pcp-post-details-content\">\n\t\t\t\t\t\t\t\t<h3 class=\"sp-pcp-title\">\n\t\t\t\t\t\t\t\t\t<a href=\"https:\/\/engiobra.com\/produtos\/materiais-construcao\/isolamento\/termico\/\"  target=\"_self\">Melhor Isolamento T\u00e9rmico<\/a>\t\t\t\t\t\t\t<\/h3>\n\t\t\t\t\t\t<div class=\"sp-pcp-post-content\">\n\t\t\t\t\t<div class=\"sp-pcp-readmore\">\n\t\t\t\t\t\t\t<a class=\"pcp-readmore-link\" target=\"_self\" href=\"https:\/\/engiobra.com\/produtos\/materiais-construcao\/isolamento\/termico\/\" >\n\t\t\t\t\t\tVer produtos <\/a>\n\t\t<\/div>\n\t\t\t\t\t<\/div>\n\t\t\t\t\t\t\t\t<\/div>\n\t\t\t\t<\/div>\n\t\t\t<\/div>\n\t\t<\/div>\n\t\t\t\t<div class=\" sp-pcp-col-xs-1 sp-pcp-col-sm-1 sp-pcp-col-md-2 sp-pcp-col-lg-4 sp-pcp-col-xl-4\">\n\t\t\t<div class=\"sp-pcp-post default pcp-item-1994\" data-id=\"1994\">\n\t\t\t\t\t\t\t\t<div class=\"pcp-post-thumb-wrapper\">\n\t\t\t\t\t<div class=\"sp-pcp-post-thumb-area\">\n\t\t\t\t\t\t\t\t\t\t\t\t<a class=\"sp-pcp-thumb\" href=\"https:\/\/engiobra.com\/produtos\/materiais-construcao\/isolamento\/acustico\/\" target=\"_self\" >\n\t\t\t\t\t\t\t\t\t\t\t\t\t<img loading=\"lazy\" decoding=\"async\" src=\"https:\/\/engiobra.com\/produtos\/wp-content\/uploads\/2022\/02\/isolamento-acstico-300x300.jpg\" width=\"300\" height=\"300\" alt=\"isolamento ac\u00fastico\">\n\t\t\t\t\t\t<\/a>\n\t\t\t\t\t<\/div>\n\t\t\t\t<\/div>\n\t\t\t\t\t\t\t\t<div class=\"sp-pcp-post-details\">\n\t\t\t\t\t<div class=\"sp-pcp-post-details-content\">\n\t\t\t\t\t\t\t\t<h3 class=\"sp-pcp-title\">\n\t\t\t\t\t\t\t\t\t<a href=\"https:\/\/engiobra.com\/produtos\/materiais-construcao\/isolamento\/acustico\/\"  target=\"_self\">Melhor Isolamento Ac\u00fastico<\/a>\t\t\t\t\t\t\t<\/h3>\n\t\t\t\t\t\t<div class=\"sp-pcp-post-content\">\n\t\t\t\t\t<div class=\"sp-pcp-readmore\">\n\t\t\t\t\t\t\t<a class=\"pcp-readmore-link\" target=\"_self\" href=\"https:\/\/engiobra.com\/produtos\/materiais-construcao\/isolamento\/acustico\/\" >\n\t\t\t\t\t\tVer produtos <\/a>\n\t\t<\/div>\n\t\t\t\t\t<\/div>\n\t\t\t\t\t\t\t\t<\/div>\n\t\t\t\t<\/div>\n\t\t\t<\/div>\n\t\t<\/div>\n\t\t\t\t<div class=\" sp-pcp-col-xs-1 sp-pcp-col-sm-1 sp-pcp-col-md-2 sp-pcp-col-lg-4 sp-pcp-col-xl-4\">\n\t\t\t<div class=\"sp-pcp-post default pcp-item-1972\" data-id=\"1972\">\n\t\t\t\t\t\t\t\t<div class=\"pcp-post-thumb-wrapper\">\n\t\t\t\t\t<div class=\"sp-pcp-post-thumb-area\">\n\t\t\t\t\t\t\t\t\t\t\t\t<a class=\"sp-pcp-thumb\" href=\"https:\/\/engiobra.com\/produtos\/materiais-construcao\/isolamento\/\" target=\"_self\" >\n\t\t\t\t\t\t\t\t\t\t\t\t\t<img loading=\"lazy\" decoding=\"async\" src=\"https:\/\/engiobra.com\/produtos\/wp-content\/uploads\/2022\/02\/isolamento-300x300.jpg\" width=\"300\" height=\"300\" alt=\"\">\n\t\t\t\t\t\t<\/a>\n\t\t\t\t\t<\/div>\n\t\t\t\t<\/div>\n\t\t\t\t\t\t\t\t<div class=\"sp-pcp-post-details\">\n\t\t\t\t\t<div class=\"sp-pcp-post-details-content\">\n\t\t\t\t\t\t\t\t<h3 class=\"sp-pcp-title\">\n\t\t\t\t\t\t\t\t\t<a href=\"https:\/\/engiobra.com\/produtos\/materiais-construcao\/isolamento\/\"  target=\"_self\">Melhor Isolamento T\u00e9rmico e Ac\u00fastico<\/a>\t\t\t\t\t\t\t<\/h3>\n\t\t\t\t\t\t<div class=\"sp-pcp-post-content\">\n\t\t\t\t\t<div class=\"sp-pcp-readmore\">\n\t\t\t\t\t\t\t<a class=\"pcp-readmore-link\" target=\"_self\" href=\"https:\/\/engiobra.com\/produtos\/materiais-construcao\/isolamento\/\" >\n\t\t\t\t\t\tVer produtos <\/a>\n\t\t<\/div>\n\t\t\t\t\t<\/div>\n\t\t\t\t\t\t\t\t<\/div>\n\t\t\t\t<\/div>\n\t\t\t<\/div>\n\t\t<\/div>\n\t\t\t\t<div class=\" sp-pcp-col-xs-1 sp-pcp-col-sm-1 sp-pcp-col-md-2 sp-pcp-col-lg-4 sp-pcp-col-xl-4\">\n\t\t\t<div class=\"sp-pcp-post default pcp-item-1887\" data-id=\"1887\">\n\t\t\t\t\t\t\t\t<div class=\"pcp-post-thumb-wrapper\">\n\t\t\t\t\t<div class=\"sp-pcp-post-thumb-area\">\n\t\t\t\t\t\t\t\t\t\t\t\t<a class=\"sp-pcp-thumb\" href=\"https:\/\/engiobra.com\/produtos\/materiais-construcao\/placas-de-gesso-cartonado\/acessorios\/\" target=\"_self\" >\n\t\t\t\t\t\t\t\t\t\t\t\t\t<img loading=\"lazy\" decoding=\"async\" src=\"https:\/\/media.cdn.leroymerlin.pt\/assets\/photo\/references\/18750000-18750999\/18750032\/0300p\/18750032-0300p-suspenseslongas-standers240mmf47(caixa50un).jpg\" width=\"300\" height=\"300\" alt=\"\">\n\t\t\t\t\t\t<\/a>\n\t\t\t\t\t<\/div>\n\t\t\t\t<\/div>\n\t\t\t\t\t\t\t\t<div class=\"sp-pcp-post-details\">\n\t\t\t\t\t<div class=\"sp-pcp-post-details-content\">\n\t\t\t\t\t\t\t\t<h3 class=\"sp-pcp-title\">\n\t\t\t\t\t\t\t\t\t<a href=\"https:\/\/engiobra.com\/produtos\/materiais-construcao\/placas-de-gesso-cartonado\/acessorios\/\"  target=\"_self\">Top 30 melhores acess\u00f3rios para placas de gesso (Pladur)<\/a>\t\t\t\t\t\t\t<\/h3>\n\t\t\t\t\t\t<div class=\"sp-pcp-post-content\">\n\t\t\t\t\t<div class=\"sp-pcp-readmore\">\n\t\t\t\t\t\t\t<a class=\"pcp-readmore-link\" target=\"_self\" href=\"https:\/\/engiobra.com\/produtos\/materiais-construcao\/placas-de-gesso-cartonado\/acessorios\/\" >\n\t\t\t\t\t\tVer produtos <\/a>\n\t\t<\/div>\n\t\t\t\t\t<\/div>\n\t\t\t\t\t\t\t\t<\/div>\n\t\t\t\t<\/div>\n\t\t\t<\/div>\n\t\t<\/div>\n\t\t\t<\/div>\n\t<\/div>\n\n\n<\/div><\/div>\n\n<div class=\"gb-container gb-container-789eb918 guia\"><div class=\"gb-inside-container\">\n<div class=\"gb-container gb-container-420468a5\" id=\"guia\"><div class=\"gb-inside-container\">\n\n<h2 class=\"gb-headline gb-headline-b450c9ac gb-headline-text\">Materiais de Constru\u00e7\u00e3o<\/h2>\n\n\n\n<p>Finalmente decidiu colocar em pr\u00e1tica aquele projeto de constru\u00e7\u00e3o ou remodela\u00e7\u00e3o? Ent\u00e3o ser\u00e1 preciso comprar alguns materiais de constru\u00e7\u00e3o.<\/p>\n\n\n\n<p>Sabemos que lidar com obras n\u00e3o \u00e9 tarefa simples, e, para que o projeto seja realizado como pretende, a escolha dos materiais utilizados \u00e9 uma etapa bastante importante.<\/p>\n\n\n\n<p>A qualidade dos produtos adquiridos ajuda a garantir a seguran\u00e7a, a durabilidade e o bom acabamento da obra.<\/p>\n\n\n\n<p>Por isso, reunimos as melhores dicas para que acerte na escolha dos melhores materiais de constru\u00e7\u00e3o.<\/p>\n\n\n\n<h2 class=\"gb-headline gb-headline-2a2dd766 gb-headline-text\">O que s\u00e3o materiais de constru\u00e7\u00e3o?<\/h2>\n\n\n\n<p>Os materiais de constru\u00e7\u00e3o s\u00e3o produtos utilizados em obras e constru\u00e7\u00f5es de casas e edif\u00edcios.<\/p>\n\n\n\n<p>Podemos dizer que, basicamente, tudo aquilo que se usa na constru\u00e7\u00e3o civil pode ser considerado um material de constru\u00e7\u00e3o.<\/p>\n\n\n\n<p>Para facilitar a comercializa\u00e7\u00e3o e distribui\u00e7\u00e3o, os materiais geralmente podem ser classificados seguindo algumas etapas da constru\u00e7\u00e3o. Desta forma, os produtos costumam ser classificados em:<\/p>\n\n\n\n<ul class=\"wp-block-list\">\n<li><strong>Materiais b\u00e1sicos:<\/strong> cimento, pedra, areia, cal, ferro, etc;<\/li>\n\n\n\n<li><strong>El\u00e9trica:<\/strong> Fios, tomadas, interruptores, disjuntores, l\u00e2mpadas, etc;<\/li>\n\n\n\n<li><strong>Hidr\u00e1ulica:<\/strong> Torneiras, v\u00e1lvulas de escoamento, ralos e grelhas, etc;<\/li>\n\n\n\n<li><strong>Esquadrias:<\/strong> Portas e janelas;<\/li>\n\n\n\n<li><strong>Acabamento:<\/strong> Pisos, revestimentos, ilumina\u00e7\u00e3o, decora\u00e7\u00e3o, tintas, etc.<\/li>\n<\/ul>\n\n\n\n<h2 class=\"gb-headline gb-headline-b10f93be gb-headline-text\">O que ter em conta para a escolha dos melhores materiais de constru\u00e7\u00e3o<\/h2>\n\n\n\n<p>H\u00e1 uma infinidade de produtos que se enquadram como material de constru\u00e7\u00e3o, sendo cada um deles adequado para diferentes etapas das obras em quest\u00e3o.<\/p>\n\n\n\n<p>As dicas que apresentamos hoje podem ser utilizadas para a compra destes materiais de um modo geral.<\/p>\n\n\n\n<p>Colocando-as em pr\u00e1tica ser\u00e1 mais f\u00e1cil encontrar os produtos que apresentam o melhor custo vs. benef\u00edcio, em termos de pre\u00e7o e qualidade.<\/p>\n\n\n\n<h3 class=\"gb-headline gb-headline-78240ae2 gb-headline-text\">1 \u2013 Fa\u00e7a um planeamento<\/h3>\n\n\n\n<p>O primeiro passo \u00e9 ter um bom planeamento, criando uma lista dos materiais que ser\u00e3o fundamentais para o andamento das obras.<\/p>\n\n\n\n<p>Comprando todos ou boa parte dos produtos numa \u00fanica loja pode garantir-lhe um bom desconto. Por isso, v\u00e1 \u00e0s compras com esta lista em m\u00e3os.<\/p>\n\n\n\n<p>Elabore a lista de materiais necess\u00e1rios juntamente com o profissional respons\u00e1vel pela obra, pois este saber\u00e1 exatamente o que \u00e9 preciso, bem como a quantidade que deve comprar.<\/p>\n\n\n\n<p>Ter o apoio profissional \u00e9 importante para n\u00e3o comprar produtos a mais ou a menos, acabando por ter preju\u00edzo.<\/p>\n\n\n\n<h3 class=\"gb-headline gb-headline-a49ad83e gb-headline-text\">2 \u2013 Avalie a durabilidade do material<\/h3>\n\n\n\n<p>Os materiais de constru\u00e7\u00e3o t\u00eam um determinado per\u00edodo de durabilidade. \u00c9 importante conhecer este prazo antes da sua compra ou utiliza\u00e7\u00e3o.<\/p>\n\n\n\n<p>Isto porque se comprar um produto com muita anteced\u00eancia e o prazo de utiliza\u00e7\u00e3o expirar, este n\u00e3o ir\u00e1, certamente, apresentar o mesmo desempenho. Como resultado, a sua obra ser\u00e1 prejudicada.<\/p>\n\n\n\n<p>A areia e o cimento s\u00e3o bons exemplos. Deve apenas compr\u00e1-los quando estiver certo do prazo de in\u00edcio das obras, caso contr\u00e1rio o cimento pode endurecer e perder as suas caracter\u00edsticas e qualidade.<\/p>\n\n\n\n<p>A areia, por sua vez, deve ser armazenada num local limpo e seco para manter as suas propriedades.<\/p>\n\n\n\n<h3 class=\"gb-headline gb-headline-e8e646d2 gb-headline-text\">3 \u2013 Cuidado com ofertas aparentemente muito vantajosas<\/h3>\n\n\n\n<p>Sabe aquelas promo\u00e7\u00f5es fora de \u00e9poca e com pre\u00e7os muito abaixo da m\u00e9dia do mercado? Tenha cuidado, pois o que parece ser vantajoso pode trazer-lhe problemas.<\/p>\n\n\n\n<p>Em alguns casos, estes produtos t\u00eam pouca sa\u00edda de vendas, o que faz com que a loja queira \u201clivrar-se\u201d do stock que j\u00e1 est\u00e1 armazenado h\u00e1 muito tempo.<\/p>\n\n\n\n<p>\u00c9 claro que h\u00e1 situa\u00e7\u00f5es em que vale a pena comprar com desconto, por\u00e9m, mais uma vez ressaltamos a import\u00e2ncia de observar a vida \u00fatil do produto para que este mantenha as suas caracter\u00edsticas e desempenho.<\/p>\n\n\n\n<p>Avalie cuidadosamente o material antes de se decidir pela compra.<\/p>\n\n\n\n<h3 class=\"gb-headline gb-headline-3c5b0297 gb-headline-text\">4 \u2013 Fa\u00e7a pesquisas de pre\u00e7os<\/h3>\n\n\n\n<p>Fazer or\u00e7amentos \u00e9 uma das etapas mais importantes na compra de materiais de constru\u00e7\u00e3o.<\/p>\n\n\n\n<p>Pode encontrar grandes varia\u00e7\u00f5es de pre\u00e7os de uma loja para outra, e at\u00e9 mesmo de uma marca para outra.<\/p>\n\n\n\n<p>Inclusive, dentro da mesma categoria de produtos, ir\u00e1 deparar-se com op\u00e7\u00f5es mais baratas, geralmente de qualidade inferior, e os top de linha.<\/p>\n\n\n\n<p>Nem sempre o mais caro \u00e9 o melhor para si, h\u00e1 materiais de linha intermedi\u00e1ria que possuem \u00f3tima qualidade e pre\u00e7o acess\u00edvel.<\/p>\n\n\n\n<p>Por isso, pesquise. Explore tamb\u00e9m as categorias avaliadas na nossa p\u00e1gina para conhecer os materiais de constru\u00e7\u00e3o com melhor custo vs. benef\u00edcio.<\/p>\n\n\n\n<h3 class=\"gb-headline gb-headline-3242ab1b gb-headline-text\">5 \u2013 Se poss\u00edvel, opte por materiais de constru\u00e7\u00e3o sustent\u00e1veis<\/h3>\n\n\n\n<p>Atualmente, com a crescente preocupa\u00e7\u00e3o sobre a preserva\u00e7\u00e3o do meio ambiente, o setor da constru\u00e7\u00e3o civil est\u00e1-se a reinventar.<\/p>\n\n\n\n<p>Neste sentido, h\u00e1 diversos tipos de materiais de constru\u00e7\u00e3o ecol\u00f3gicos, que n\u00e3o agridem tanto a natureza.<\/p>\n\n\n\n<p>S\u00e3o produtos biodegrad\u00e1veis e produzidos atrav\u00e9s do reaproveitamento de outros materiais, como \u00e9 o caso do isolamento sustent\u00e1vel.<\/p>\n\n\n\n<p>O mercado j\u00e1 oferece op\u00e7\u00f5es fabricadas a partir de jornal, papel\u00e3o e, at\u00e9 mesmo, garrafas de pl\u00e1stico.<\/p>\n\n\n\n<h2 class=\"gb-headline gb-headline-7aa323f3 gb-headline-text\">Perguntas Frequentes<\/h2>\n\n\n\n<div class=\"schema-faq wp-block-yoast-faq-block\"><div class=\"schema-faq-section\" id=\"faq-question-1646882553489\"><strong class=\"schema-faq-question\">1 \u2013 Onde encontrar materiais de constru\u00e7\u00e3o mais baratos?<\/strong> <p class=\"schema-faq-answer\">\u00c9 preciso fazer uma pesquisa de pre\u00e7os e alguns or\u00e7amentos para que possa encontrar as melhores ofertas. Adquirir boa parte dos produtos num s\u00f3 lugar pode garantir bons descontos.<\/p> <\/div> <div class=\"schema-faq-section\" id=\"faq-question-1646882581206\"><strong class=\"schema-faq-question\">2 \u2013 Onde comprar os melhores materiais de constru\u00e7\u00e3o?<\/strong> <p class=\"schema-faq-answer\">As grandes redes de lojas especializadas, como a LEROY MERLIN, t\u00eam uma vasta oferta de materiais de todos os tipos, pre\u00e7os e qualidade.<\/p> <\/div> <div class=\"schema-faq-section\" id=\"faq-question-1646882618913\"><strong class=\"schema-faq-question\">3 \u2013 Quais os pre\u00e7os de materiais de constru\u00e7\u00e3o?<\/strong> <p class=\"schema-faq-answer\">Devido \u00e0 grande variedade, vai encontrar produtos com pre\u00e7os diversos. Consulte as nossas listas TOP para perceber a m\u00e9dia de valores de alguns materiais.<\/p> <\/div> <div class=\"schema-faq-section\" id=\"faq-question-1646969986915\"><strong class=\"schema-faq-question\">4 \u2013 Onde contratar profissionais para come\u00e7ar a minha obra?<\/strong> <p class=\"schema-faq-answer\">Aqui no engiobra pode encontrar especialistas e <a href=\"https:\/\/engiobra.com\/pedir-orcamentos\/\" target=\"_blank\" rel=\"noreferrer noopener\">solicitar um or\u00e7amento gr\u00e1tis<\/a>. Trabalhamos em parceria com os melhores profissionais da arquitetura e constru\u00e7\u00e3o.<\/p> <\/div> <\/div>\n\n<\/div><\/div>\n<\/div><\/div>","protected":false},"excerpt":{"rendered":"","protected":false},"author":1,"featured_media":0,"parent":0,"menu_order":5,"comment_status":"closed","ping_status":"closed","template":"","meta":{"footnotes":""},"categories":[],"tags":[20],"class_list":{"0":"post-665","1":"page","2":"type-page","3":"status-publish","5":"tag-excluir-do-yarpp","6":"infinite-scroll-item","7":"no-featured-image-padding"},"_links":{"self":[{"href":"https:\/\/engiobra.com\/produtos\/wp-json\/wp\/v2\/pages\/665","targetHints":{"allow":["GET"]}}],"collection":[{"href":"https:\/\/engiobra.com\/produtos\/wp-json\/wp\/v2\/pages"}],"about":[{"href":"https:\/\/engiobra.com\/produtos\/wp-json\/wp\/v2\/types\/page"}],"author":[{"embeddable":true,"href":"https:\/\/engiobra.com\/produtos\/wp-json\/wp\/v2\/users\/1"}],"replies":[{"embeddable":true,"href":"https:\/\/engiobra.com\/produtos\/wp-json\/wp\/v2\/comments?post=665"}],"version-history":[{"count":0,"href":"https:\/\/engiobra.com\/produtos\/wp-json\/wp\/v2\/pages\/665\/revisions"}],"wp:attachment":[{"href":"https:\/\/engiobra.com\/produtos\/wp-json\/wp\/v2\/media?parent=665"}],"wp:term":[{"taxonomy":"category","embeddable":true,"href":"https:\/\/engiobra.com\/produtos\/wp-json\/wp\/v2\/categories?post=665"},{"taxonomy":"post_tag","embeddable":true,"href":"https:\/\/engiobra.com\/produtos\/wp-json\/wp\/v2\/tags?post=665"}],"curies":[{"name":"wp","href":"https:\/\/api.w.org\/{rel}","templated":true}]}}