{"id":2454,"date":"2024-01-15T04:35:49","date_gmt":"2024-01-15T04:35:49","guid":{"rendered":"https:\/\/engiobra.com\/produtos\/?page_id=2454"},"modified":"2024-01-15T04:47:24","modified_gmt":"2024-01-15T04:47:24","slug":"climatizacao","status":"publish","type":"page","link":"https:\/\/engiobra.com\/produtos\/climatizacao\/","title":{"rendered":"Climatiza\u00e7\u00e3o"},"content":{"rendered":"<div class=\"gb-container gb-container-828553bf\"><div class=\"gb-inside-container\">\n<style id=\"sp_pcp_dynamic_style2452\">#pcp_wrapper-2452:not(.sps-glossary-layout) .sp-pcp-row,#pcp_wrapper-2452 .sps-glossary-items-group .sps-glossary-items-content {margin-right: -10px;margin-left: -10px;}#pcp_wrapper-2452 .sp-pcp-row [class*='sp-pcp-col-']{padding-right: 10px;padding-left: 10px; padding-bottom:20px;}.pcp-wrapper-2452 .sp-pcp-title a {color: #333333;display: inherit;} .pcp-wrapper-2452 .sp-pcp-title a:hover {color: #1e73be;}#pcp_wrapper-2452 .sp-pcp-post {padding: 15px 20px 15px 20px;}#pcp_wrapper-2452.sp-slider_layout .sp-pcp-post .sp-pcp-post-details {top: 15px; right:20px; bottom:15px; left:20px;}#pcp_wrapper-2452 .sp-pcp-post {border: 3px solid #e2e2e2; border-radius: 5px }#pcp_wrapper-2452 .sp-pcp-post{background-color: #ffffff;}#pcp_wrapper-2452 .pcp-post-thumb-wrapper{border: 0px solid #dddddd;border-radius:0px;}.pcp-wrapper-2452 .sp-pcp-post-meta li,.pcp-wrapper-2452 .sp-pcp-post-meta ul,.pcp-wrapper-2452 .sp-pcp-post-meta li a{color: #888888;}.pcp-wrapper-2452 .sp-pcp-post-meta li a:hover{color: #1e73be;}#pcp_wrapper-2452 .pcp-readmore-link{ background: transparent; color: #111; border: 1px solid #888; border-radius: 0px; } #pcp_wrapper-2452 .pcp-readmore-link:hover { background-color: #1e73be; color: #fff; border-color: #1e73be; }@media (min-width: 1200px) {.sp-pcp-row .sp-pcp-col-xl-1 {flex: 0 0 100%;}.sp-pcp-row .sp-pcp-col-xl-2 {flex: 1 1 calc( 50% - 20px);}.sp-pcp-row .sp-pcp-col-xl-3 {flex: 1 1 calc( 33.333% - 20px);}.sp-pcp-row .sp-pcp-col-xl-4 {flex: 1 1 calc( 25% - 20px);}.sp-pcp-row .sp-pcp-col-xl-5 { flex: 1 1 calc( 20% - 20px);}.sp-pcp-row .sp-pcp-col-xl-6 {flex: 1 1 calc( 16.66666666666667% - 20px);}.sp-pcp-row .sp-pcp-col-xl-7 {flex: 1 1 calc( 14.28571428% - 20px);}.sp-pcp-row .sp-pcp-col-xl-8 {flex: 1 1 calc( 12.5% - 20px);}}@media (max-width: 1200px) {.sp-pcp-row .sp-pcp-col-lg-1 {flex: 0 0 100%;}.sp-pcp-row .sp-pcp-col-lg-2 {flex: 1 1 calc( 50% - 20px);}.sp-pcp-row .sp-pcp-col-lg-3 {flex: 1 1 calc( 33.333% - 20px);}.sp-pcp-row .sp-pcp-col-lg-4 {flex: 1 1 calc( 25% - 20px);}.sp-pcp-row .sp-pcp-col-lg-5 { flex: 1 1 calc( 20% - 20px);}.sp-pcp-row .sp-pcp-col-lg-6 {flex: 1 1 calc( 16.66666666666667% - 20px);}.sp-pcp-row .sp-pcp-col-lg-7 {flex: 1 1 calc( 14.28571428% - 20px);}.sp-pcp-row .sp-pcp-col-lg-8 {flex: 1 1 calc( 12.5% - 20px);}}@media (max-width: 992px) {.sp-pcp-row .sp-pcp-col-md-1 {flex: 0 0 100%;}.sp-pcp-row .sp-pcp-col-md-2 {flex: 1 1 calc( 50% - 20px);}.sp-pcp-row .sp-pcp-col-md-2-5 {flex: 0 0 75%;}.sp-pcp-row .sp-pcp-col-md-3 {flex: 1 1 calc( 33.333% - 20px);}.sp-pcp-row .sp-pcp-col-md-4 {flex: 1 1 calc( 25% - 20px);}.sp-pcp-row .sp-pcp-col-md-5 { flex: 1 1 calc( 20% - 20px);}.sp-pcp-row .sp-pcp-col-md-6 {flex: 1 1 calc( 16.66666666666667% - 20px);}.sp-pcp-row .sp-pcp-col-md-7 {flex: 1 1 calc( 14.28571428% - 20px);}.sp-pcp-row .sp-pcp-col-md-8 {flex: 1 1 calc( 12.5% - 20px);}}@media (max-width: 768px) {.sp-pcp-row .sp-pcp-col-sm-1 {flex: 0 0 100%;}.sp-pcp-row .sp-pcp-col-sm-2 {flex: 1 1 calc( 50% - 20px);}.sp-pcp-row .sp-pcp-col-sm-2-5 {flex: 0 0 75%;}.sp-pcp-row .sp-pcp-col-sm-3 {flex: 1 1 calc( 33.333% - 20px);}.sp-pcp-row .sp-pcp-col-sm-4 {flex: 1 1 calc( 25% - 20px);}.sp-pcp-row .sp-pcp-col-sm-5 { flex: 1 1 calc( 20% - 20px);}.sp-pcp-row .sp-pcp-col-sm-6 {flex: 1 1 calc( 16.66666666666667% - 20px);}.sp-pcp-row .sp-pcp-col-sm-7 {flex: 1 1 calc( 14.28571428% - 20px);}.sp-pcp-row .sp-pcp-col-sm-8 {flex: 1 1 calc( 12.5% - 20px);}}@media (max-width: 420px) {.sp-pcp-row .sp-pcp-col-xs-1 {flex: 0 0 100%;}.sp-pcp-row .sp-pcp-col-xs-2 {flex: 1 1 calc( 50% - 20px);}.sp-pcp-row .sp-pcp-col-xs-3 {flex: 1 1 calc( 33.333% - 20px);}.sp-pcp-row .sp-pcp-col-xs-4 {flex: 1 1 calc( 25% - 20px);}.sp-pcp-row .sp-pcp-col-xs-5 { flex: 1 1 calc( 20% - 20px);}.sp-pcp-row .sp-pcp-col-xs-6 {flex: 1 1 calc( 16.66666666666667% - 20px);}.sp-pcp-row .sp-pcp-col-xs-7 {flex: 1 1 calc( 14.28571428% - 20px);}.sp-pcp-row .sp-pcp-col-xs-8 {flex: 1 1 calc( 12.5% - 20px);}}<\/style>\n<div id=\"pcp_wrapper-2452\" class=\"sp-pcp-section sp-pcp-container pcp-wrapper-2452\">\n\t<div class=\"sp-pcp-row\">\n\t\t\t\t<div class=\" sp-pcp-col-xs-1 sp-pcp-col-sm-1 sp-pcp-col-md-2 sp-pcp-col-lg-4 sp-pcp-col-xl-4\">\n\t\t\t<div class=\"sp-pcp-post default pcp-item-2444\" data-id=\"2444\">\n\t\t\t\t\t\t\t\t<div class=\"pcp-post-thumb-wrapper\">\n\t\t\t\t\t<div class=\"sp-pcp-post-thumb-area\">\n\t\t\t\t\t\t\t\t\t\t\t\t<a class=\"sp-pcp-thumb\" href=\"https:\/\/engiobra.com\/produtos\/climatizacao\/desumidificadores\/\" target=\"_self\" >\n\t\t\t\t\t\t\t\t\t\t\t\t\t<img loading=\"lazy\" decoding=\"async\" src=\"https:\/\/www.worten.pt\/i\/e5a7192f617adebc619ef877654f73eda1174904.jpg\" width=\"300\" height=\"300\" alt=\"\">\n\t\t\t\t\t\t<\/a>\n\t\t\t\t\t<\/div>\n\t\t\t\t<\/div>\n\t\t\t\t\t\t\t\t<div class=\"sp-pcp-post-details\">\n\t\t\t\t\t<div class=\"sp-pcp-post-details-content\">\n\t\t\t\t\t\t\t\t<h3 class=\"sp-pcp-title\">\n\t\t\t\t\t\t\t\t\t<a href=\"https:\/\/engiobra.com\/produtos\/climatizacao\/desumidificadores\/\"  target=\"_self\">30 Melhores Desumidificadores de Ar<\/a>\t\t\t\t\t\t\t<\/h3>\n\t\t\t\t\t\t<div class=\"sp-pcp-post-content\">\n\t\t\t\t\t<div class=\"sp-pcp-readmore\">\n\t\t\t\t\t\t\t<a class=\"pcp-readmore-link\" target=\"_self\" href=\"https:\/\/engiobra.com\/produtos\/climatizacao\/desumidificadores\/\" >\n\t\t\t\t\t\tVer produtos <\/a>\n\t\t<\/div>\n\t\t\t\t\t<\/div>\n\t\t\t\t\t\t\t\t<\/div>\n\t\t\t\t<\/div>\n\t\t\t<\/div>\n\t\t<\/div>\n\t\t\t<\/div>\n\t<\/div>\n\n\n<\/div><\/div>\n\n<div class=\"gb-container gb-container-90ad0c4b breadcrumb\"><div class=\"gb-inside-container\">\n<div class=\"yoast-breadcrumbs\"><span><span><a href=\"https:\/\/engiobra.com\/produtos\/\">Produtos<\/a><\/span> &gt; <span class=\"breadcrumb_last\" aria-current=\"page\">Climatiza\u00e7\u00e3o<\/span><\/span><\/div>\n<\/div><\/div>\n\n<div class=\"gb-container gb-container-789eb918 hide-on-mobile hide-on-tablet hide-on-desktop\"><div class=\"gb-inside-container\">\n<div class=\"gb-container gb-container-420468a5\" id=\"guia\"><div class=\"gb-inside-container\">\n\n<h2 class=\"gb-headline gb-headline-ffd01bf9 gb-headline-text\">Qual o Melhor Aquecimento para a sua Casa?<\/h2>\n\n\n\n<p>Escolher um tipo de aquecimento n\u00e3o \u00e9 assim t\u00e3o simples, uma vez que h\u00e1 muitos modelos com diferentes tipos de funcionamento no mercado.<\/p>\n\n\n\n<p>Independentemente do tipo escolhido, o que todos procuram \u00e9 um bom desempenho para proporcionar conforto t\u00e9rmico aos ambientes, aliado a um baixo consumo ou despesas.<\/p>\n\n\n\n<p>Avali\u00e1mos diferentes tipos de aquecedores, que pode ficar a conhecer mais detalhadamente ao aceder \u00e0s nossas p\u00e1ginas com a lista dos TOP produtos.<\/p>\n\n\n\n<p>Aqui, vamos apresentar-lhe um panorama geral, com algumas das suas caracter\u00edsticas, bem como vantagens e desvantagens de cada modelo.<\/p>\n\n\n\n<h2 class=\"gb-headline gb-headline-fe9fe311 gb-headline-text\">Que tipos de aquecimento existem?<\/h2>\n\n\n\n<p>H\u00e1 v\u00e1rios sistemas de aquecimento que pode encontrar. Na nossa lista vamos abordar alguns dos mais comuns e utilizados nas casas portuguesas.<\/p>\n\n\n\n<ol class=\"wp-block-list\">\n<li>Ar condicionado<\/li>\n\n\n\n<li>Salamandras<\/li>\n\n\n\n<li>Recuperadores de Calor<\/li>\n\n\n\n<li>Aquecedores el\u00e9tricos<\/li>\n\n\n\n<li>Aquecedores a \u00f3leo<\/li>\n<\/ol>\n\n\n\n<h3 class=\"gb-headline gb-headline-acef0eba gb-headline-text\">1 \u2013 Ar condicionado<\/h3>\n\n\n\n<p>O ar condicionado, apesar de mais conhecido como sistema de arrefecimento de ambientes, tamb\u00e9m possui a fun\u00e7\u00e3o de aquecimento.<\/p>\n\n\n\n<p>O seu funcionamento \u00e9 feito atrav\u00e9s da troca de ar. O equipamento absorve o ar de um local, aquece-o e liberta-o noutro.<\/p>\n\n\n\n<p><strong>Vantagens<\/strong><\/p>\n\n\n\n<ul class=\"wp-block-list\">\n<li>S\u00e3o vers\u00e1teis, j\u00e1 que podem ser utilizados para aquecer ou arrefecer o ambiente<\/li>\n\n\n\n<li>Purificam o ar<\/li>\n\n\n\n<li>Alguns modelos possuem fun\u00e7\u00e3o antial\u00e9rgica, o que \u00e9 \u00f3timo para quem possui problemas respirat\u00f3rios<\/li>\n\n\n\n<li>Os modelos mais modernos s\u00e3o econ\u00f3micos, uma vez que realizam uma autorregula\u00e7\u00e3o autom\u00e1tica<\/li>\n\n\n\n<li>S\u00e3o mais seguros do que os aparelhos que envolvem combust\u00e3o<\/li>\n<\/ul>\n\n\n\n<p><strong>Desvantagens<\/strong><\/p>\n\n\n\n<ul class=\"wp-block-list\">\n<li>Exigem manuten\u00e7\u00e3o peri\u00f3dica para n\u00e3o contaminarem o ar do ambiente<\/li>\n\n\n\n<li>Alguns modelos mais simples podem apresentar um elevado consumo de energia<\/li>\n<\/ul>\n\n\n\n<h3 class=\"gb-headline gb-headline-37b335b6 gb-headline-text\">2 \u2013 Salamandras<\/h3>\n\n\n<div class=\"wp-block-image is-style-default\">\n<figure class=\"aligncenter size-full is-resized\"><img decoding=\"async\" src=\"https:\/\/engiobra.com\/produtos\/wp-content\/uploads\/2022\/02\/salamandra-a-pellets-invicta-vieste-2-7kw-bordeaux.jpg\" alt=\"Salamandra\" class=\"wp-image-1827\" style=\"width:301px;height:301px\"\/><\/figure>\n<\/div>\n\n\n<p>As salamandras s\u00e3o encontradas, basicamente, em tr\u00eas modelos: os <a href=\"https:\/\/engiobra.com\/produtos\/aquecimento\/aquecimento-eletrico\/salamandras-eletricas\/\">el\u00e9tricos<\/a>, a <a href=\"https:\/\/engiobra.com\/produtos\/aquecimento\/pellets-e-lenha\/\">lenha e a pellets<\/a>.<\/p>\n\n\n\n<p>Al\u00e9m de deixarem o ambiente mais aconchegante, a combust\u00e3o e o fogo produzido d\u00e3o ao equipamento um toque decorativo, al\u00e9m de funcional.<\/p>\n\n\n\n<p>Apresentam um elevado grau de efici\u00eancia e poder calor\u00edfico, uma vez que produzem uma chama est\u00e1vel e duradoura.<\/p>\n\n\n\n<p><strong>Vantagens<\/strong><\/p>\n\n\n\n<ul class=\"wp-block-list\">\n<li>Instala\u00e7\u00e3o pr\u00e1tica<\/li>\n\n\n\n<li>Funcionam como elementos decorativos<\/li>\n\n\n\n<li>Bastante dur\u00e1veis, com modelos at\u00e9 50 anos de durabilidade<\/li>\n\n\n\n<li>Bom rendimento t\u00e9rmico, que varia entre 60% a 80%<\/li>\n\n\n\n<li>Econ\u00f3micos, uma vez que os pellets e a lenha n\u00e3o s\u00e3o dispendiosos<\/li>\n<\/ul>\n\n\n\n<p><strong>Desvantagens<\/strong><\/p>\n\n\n\n<ul class=\"wp-block-list\">\n<li>Precisa da instala\u00e7\u00e3o de uma chamin\u00e9, o que pode ser dif\u00edcil em alguns locais<\/li>\n\n\n\n<li>Apresenta odor gerado pela combust\u00e3o<\/li>\n\n\n\n<li>Precisa de limpeza frequente<\/li>\n\n\n\n<li>Requer muito cuidado ao manusear<\/li>\n<\/ul>\n\n\n\n<h3 class=\"gb-headline gb-headline-f0426163 gb-headline-text\">3 \u2013 Recuperadores de calor<\/h3>\n\n\n<div class=\"wp-block-image\">\n<figure class=\"aligncenter size-full is-resized\"><img decoding=\"async\" src=\"https:\/\/engiobra.com\/produtos\/wp-content\/uploads\/2022\/01\/recuperador-calor-lenha.jpg\" alt=\"Recuperador de calor a lenha\" class=\"wp-image-1089\" style=\"width:301px;height:301px\"\/><\/figure>\n<\/div>\n\n\n<p>Os <a href=\"https:\/\/engiobra.com\/produtos\/aquecimento\/pellets-e-lenha\/recuperadores-calor-lenha\/\">recuperadores de calor<\/a> costumam disputar a prefer\u00eancia dos consumidores com as salamandras.<\/p>\n\n\n\n<p>S\u00e3o considerados evolu\u00e7\u00f5es das lareiras convencionais, e inclusive podem ser instalados numa estrutura pr\u00e9-existente de lareira.<\/p>\n\n\n\n<p>Fabricados em a\u00e7o ou ferro fundido, possuem um vidro t\u00e9rmico que permite visualizar a chama no seu interior.<\/p>\n\n\n\n<p><strong>Vantagens<\/strong><\/p>\n\n\n\n<ul class=\"wp-block-list\">\n<li>Vers\u00e1til em termos de material de combust\u00e3o que pode ser o g\u00e1s natural, lenha, pellets, carv\u00e3o<\/li>\n\n\n\n<li>H\u00e1 modelos que funcionam atrav\u00e9s da eletricidade<\/li>\n\n\n\n<li>\u00d3timo rendimento t\u00e9rmico com cerca de 80%<\/li>\n\n\n\n<li>N\u00e3o requer chamin\u00e9<\/li>\n\n\n\n<li>Esteticamente apelativo<\/li>\n\n\n\n<li>Manuten\u00e7\u00e3o menos frequente<\/li>\n<\/ul>\n\n\n\n<p><strong>Desvantagens<\/strong><\/p>\n\n\n\n<ul class=\"wp-block-list\">\n<li>Pre\u00e7o n\u00e3o muito acess\u00edvel<\/li>\n\n\n\n<li>Exige cuidado ao manusear<\/li>\n<\/ul>\n\n\n\n<h3 class=\"gb-headline gb-headline-8e004b9a gb-headline-text\">4 \u2013 Aquecedores el\u00e9tricos<\/h3>\n\n\n\n\n\n<p>Os <a href=\"https:\/\/engiobra.com\/produtos\/aquecimento\/aquecimento-eletrico\/\">aquecedores el\u00e9tricos <\/a>t\u00eam pre\u00e7os mais atrativos, sendo op\u00e7\u00f5es ideais para quem precisa de aquecer ambientes mais compactos.<\/p>\n\n\n\n<p><strong>Vantagens<\/strong><\/p>\n\n\n\n<ul class=\"wp-block-list\">\n<li>H\u00e1 modelos com pre\u00e7os bastante acess\u00edveis<\/li>\n\n\n\n<li>S\u00e3o port\u00e1teis, o que permite deslocar o equipamento de um local para outro<\/li>\n\n\n\n<li>Dispensam instala\u00e7\u00e3o<\/li>\n\n\n\n<li>Aquecem o ambiente mais r\u00e1pido<\/li>\n<\/ul>\n\n\n\n<p><strong>Desvantagens<\/strong><\/p>\n\n\n\n<ul class=\"wp-block-list\">\n<li>Podem apresentar consumo elevado, aumentando a fatura de energia<\/li>\n\n\n\n<li>Consomem oxig\u00e9nio, o que pode gerar uma sensa\u00e7\u00e3o de mal-estar ap\u00f3s uso prolongado<\/li>\n<\/ul>\n\n\n\n<h3 class=\"gb-headline gb-headline-ee5939c0 gb-headline-text\">5 \u2013 Aquecedores a \u00f3leo<\/h3>\n\n\n<div class=\"wp-block-image\">\n<figure class=\"aligncenter size-full is-resized\"><img loading=\"lazy\" decoding=\"async\" width=\"602\" height=\"602\" src=\"https:\/\/engiobra.com\/produtos\/wp-content\/uploads\/2022\/02\/aquecedor-oleo.jpg\" alt=\"aquecedor a \u00f3leo\" class=\"wp-image-1808\" style=\"width:301px;height:301px\" srcset=\"https:\/\/engiobra.com\/produtos\/wp-content\/uploads\/2022\/02\/aquecedor-oleo.jpg 602w, https:\/\/engiobra.com\/produtos\/wp-content\/uploads\/2022\/02\/aquecedor-oleo-300x300.jpg 300w, https:\/\/engiobra.com\/produtos\/wp-content\/uploads\/2022\/02\/aquecedor-oleo-150x150.jpg 150w, https:\/\/engiobra.com\/produtos\/wp-content\/uploads\/2022\/02\/aquecedor-oleo-120x120.jpg 120w\" sizes=\"auto, (max-width: 602px) 100vw, 602px\" \/><\/figure>\n<\/div>\n\n\n<p>Os <a href=\"https:\/\/engiobra.com\/produtos\/aquecimento\/aquecimento-eletrico\/aquecedores-oleo\/\">aquecedores a \u00f3leo<\/a> tamb\u00e9m s\u00e3o bastante procurados devido \u00e0 sua praticidade. Apesar de funcionarem atrav\u00e9s do aquecimento de um fluido, precisam de eletricidade para que este seja aquecido.<\/p>\n\n\n\n<p>O \u00f3leo j\u00e1 vem de f\u00e1brica no equipamento e n\u00e3o precisa de ser substitu\u00eddo.<\/p>\n\n\n\n<p><strong>Vantagens<\/strong><\/p>\n\n\n\n<ul class=\"wp-block-list\">\n<li>Muito silencioso<\/li>\n\n\n\n<li>N\u00e3o precisa de instala\u00e7\u00e3o<\/li>\n\n\n\n<li>S\u00e3o port\u00e1teis, o que permite deslocar o equipamento de um local para outro<\/li>\n\n\n\n<li>Deixam o ar aquecido por mais tempo<\/li>\n<\/ul>\n\n\n\n<p><strong>Desvantagens<\/strong><\/p>\n\n\n\n<ul class=\"wp-block-list\">\n<li>Demoram a aquecer e, por isso, consomem mais energia<\/li>\n\n\n\n<li>H\u00e1 relatos de um odor caracter\u00edstico que pode ser inc\u00f3modo<\/li>\n\n\n\n<li>T\u00eam capacidade apenas para pequenas \u00e1reas<\/li>\n<\/ul>\n\n\n\n<h2 class=\"gb-headline gb-headline-665c69a0 gb-headline-text\">Como escolher o tipo de aquecimento mais econ\u00f3mico?<\/h2>\n\n\n\n<p>A despesa gerada pelo uso de um sistema de aquecimento \u00e9 o que mais preocupa os consumidores.<\/p>\n\n\n\n<p>Por isso, uma d\u00favida bastante frequente \u00e9: qual \u00e9 o tipo de aquecimento mais econ\u00f3mico?<\/p>\n\n\n\n<p>A resposta para esta pergunta depende de alguns fatores e particularidades da rotina de cada um.<\/p>\n\n\n\n<p>Para escolher o aquecimento que gere menos despesas, \u00e9 preciso analisar as suas necessidades, bem como a regi\u00e3o onde vive.<\/p>\n\n\n\n<p>Quem vive numa zona com invernos mais rigorosos deve investir num sistema de aquecimento mais robusto e com maior capacidade.<\/p>\n\n\n\n<p>Se este n\u00e3o \u00e9 o seu caso, ent\u00e3o equipamentos mais simples podem facilmente resolver o problema.<\/p>\n\n\n\n<p>Al\u00e9m das caracter\u00edsticas clim\u00e1ticas, para escolher o sistema de aquecimento mais econ\u00f3mico ter\u00e1 de ter em conta fatores como o tipo de casa (andar ou moradia), idade do im\u00f3vel e n\u00edvel de isolamento.<\/p>\n\n\n\n<p>Por fim, deve pensar na \u00e1rea a ser climatizada, ou seja, se \u00e9 apenas uma divis\u00e3o ou a casa toda.<\/p>\n\n\n\n<p>Ap\u00f3s ponderar sobre todos estes aspetos, fa\u00e7a os c\u00e1lculos para se certificar do tipo de equipamento que cabe no seu or\u00e7amento. H\u00e1 solu\u00e7\u00f5es para todos os bolsos.<\/p>\n\n\n\n<h2 class=\"gb-headline gb-headline-7aa323f3 gb-headline-text\">Perguntas Frequentes<\/h2>\n\n\n\n<div class=\"schema-faq wp-block-yoast-faq-block\"><div class=\"schema-faq-section\" id=\"faq-question-1646882553489\"><strong class=\"schema-faq-question\">1 \u2013 Qual o melhor aquecimento para a casa?<\/strong> <p class=\"schema-faq-answer\">O melhor sistema varia de acordo com as suas necessidades. \u00c9 preciso analisar os pontos mencionados anteriormente.<\/p> <\/div> <div class=\"schema-faq-section\" id=\"faq-question-1646882581206\"><strong class=\"schema-faq-question\">2 \u2013 O aquecedor el\u00e9trico consome muita energia?<\/strong> <p class=\"schema-faq-answer\">H\u00e1 modelos de aquecedores el\u00e9tricos que consomem mais ou menos energia. \u00c9 preciso analisar, por exemplo, a sua pot\u00eancia.<\/p> <\/div> <div class=\"schema-faq-section\" id=\"faq-question-1646882618913\"><strong class=\"schema-faq-question\">3 \u2013 A combust\u00e3o de lenha ou pellets faz mal \u00e0 sa\u00fade?<\/strong> <p class=\"schema-faq-answer\">No geral, n\u00e3o. Contudo, o aquecimento por combust\u00e3o (lenha, pellets e g\u00e1s) reduz o n\u00edvel de oxig\u00e9nio do ar e pode libertar gases prejudiciais \u00e0 sa\u00fade.<\/p> <\/div> <div class=\"schema-faq-section\" id=\"faq-question-1646969986915\"><strong class=\"schema-faq-question\">4 \u2013 Qual \u00e9 a temperatura ideal para a casa?<\/strong> <p class=\"schema-faq-answer\">Em casa, a temperatura ideal deve ser entre 19\u00b0C e 23\u00b0C. A humidade do ar tamb\u00e9m \u00e9 importante e deve rondar os 50%.<\/p> <\/div> <div class=\"schema-faq-section\" id=\"faq-question-1646972314674\"><strong class=\"schema-faq-question\">5 \u2013 Qual \u00e9 o tipo de aquecimento mais barato?<\/strong> <p class=\"schema-faq-answer\">Os aquecedores a \u00f3leo costumam ser os mais baratos. H\u00e1 modelos no mercado a partir dos 30 euros.<\/p> <\/div> <\/div>\n\n<\/div><\/div>\n<\/div><\/div>","protected":false},"excerpt":{"rendered":"","protected":false},"author":1,"featured_media":0,"parent":0,"menu_order":9,"comment_status":"closed","ping_status":"closed","template":"","meta":{"footnotes":""},"categories":[],"tags":[],"class_list":{"0":"post-2454","1":"page","2":"type-page","3":"status-publish","5":"infinite-scroll-item","6":"no-featured-image-padding"},"_links":{"self":[{"href":"https:\/\/engiobra.com\/produtos\/wp-json\/wp\/v2\/pages\/2454","targetHints":{"allow":["GET"]}}],"collection":[{"href":"https:\/\/engiobra.com\/produtos\/wp-json\/wp\/v2\/pages"}],"about":[{"href":"https:\/\/engiobra.com\/produtos\/wp-json\/wp\/v2\/types\/page"}],"author":[{"embeddable":true,"href":"https:\/\/engiobra.com\/produtos\/wp-json\/wp\/v2\/users\/1"}],"replies":[{"embeddable":true,"href":"https:\/\/engiobra.com\/produtos\/wp-json\/wp\/v2\/comments?post=2454"}],"version-history":[{"count":0,"href":"https:\/\/engiobra.com\/produtos\/wp-json\/wp\/v2\/pages\/2454\/revisions"}],"wp:attachment":[{"href":"https:\/\/engiobra.com\/produtos\/wp-json\/wp\/v2\/media?parent=2454"}],"wp:term":[{"taxonomy":"category","embeddable":true,"href":"https:\/\/engiobra.com\/produtos\/wp-json\/wp\/v2\/categories?post=2454"},{"taxonomy":"post_tag","embeddable":true,"href":"https:\/\/engiobra.com\/produtos\/wp-json\/wp\/v2\/tags?post=2454"}],"curies":[{"name":"wp","href":"https:\/\/api.w.org\/{rel}","templated":true}]}}